{"id":589,"date":"2023-09-19T14:16:19","date_gmt":"2023-09-19T12:16:19","guid":{"rendered":"https:\/\/biblioteka.strzelce.pl\/?page_id=589"},"modified":"2023-09-19T15:06:47","modified_gmt":"2023-09-19T13:06:47","slug":"regulaminy","status":"publish","type":"page","link":"https:\/\/biblioteka.strzelce.pl\/?page_id=589","title":{"rendered":"Regulaminy"},"content":{"rendered":"\n\n\n<div class=\"wp-block-file\"><a id=\"wp-block-file--media-d3a15a24-dc79-48bc-a75b-a4a292bbf44c\" href=\"https:\/\/biblioteka.strzelce.pl\/wp-content\/uploads\/2023\/09\/Regulamin-korzystania-z-kodow-Legimi-1.pdf\">Regulamin korzystania z kod\u00f3w Legimi<\/a><a href=\"https:\/\/biblioteka.strzelce.pl\/wp-content\/uploads\/2023\/09\/Regulamin-korzystania-z-kodow-Legimi-1.pdf\" class=\"wp-block-file__button wp-element-button\" download aria-describedby=\"wp-block-file--media-d3a15a24-dc79-48bc-a75b-a4a292bbf44c\">Pobierz<\/a><\/div>\n\n\n\n<div class=\"wp-block-file\"><a id=\"wp-block-file--media-9066d2e5-bd79-474e-ad71-657483ab1698\" href=\"https:\/\/biblioteka.strzelce.pl\/wp-content\/uploads\/2023\/09\/Zarzadzenie-Regulamin-korzystania-z-kodow-Legimi.pdf\">Zarz\u0105dzenie Regulamin korzystania z kod\u00f3w Legimi<\/a><a href=\"https:\/\/biblioteka.strzelce.pl\/wp-content\/uploads\/2023\/09\/Zarzadzenie-Regulamin-korzystania-z-kodow-Legimi.pdf\" class=\"wp-block-file__button wp-element-button\" download aria-describedby=\"wp-block-file--media-9066d2e5-bd79-474e-ad71-657483ab1698\">Pobierz<\/a><\/div>\n\n\n\n<div class=\"wp-block-file\"><a id=\"wp-block-file--media-694ea87b-9545-475c-bec8-2c00df596529\" href=\"https:\/\/biblioteka.strzelce.pl\/wp-content\/uploads\/2023\/09\/Regulamin-korzystania-ze-zbiorow-i-uslug-Biblioteki-Publicznej-Miasta-i-Gminy-w-Strzelcach-Krajenskich.pdf\">Regulamin korzystania ze zbior\u00f3w i us\u0142ug Biblioteki Publicznej Miasta i Gminy w Strzelcach Kraje\u0144skich<\/a><a href=\"https:\/\/biblioteka.strzelce.pl\/wp-content\/uploads\/2023\/09\/Regulamin-korzystania-ze-zbiorow-i-uslug-Biblioteki-Publicznej-Miasta-i-Gminy-w-Strzelcach-Krajenskich.pdf\" class=\"wp-block-file__button wp-element-button\" download aria-describedby=\"wp-block-file--media-694ea87b-9545-475c-bec8-2c00df596529\">Pobierz<\/a><\/div>\n\n\n\n<div class=\"wp-block-file\"><a id=\"wp-block-file--media-06a03fc2-0315-46c4-9ed1-351484330cfc\" href=\"https:\/\/biblioteka.strzelce.pl\/wp-content\/uploads\/2023\/09\/Zarzadzenie-Regulamin-korzystania-ze-zbiorow-i-uslug.pdf\">Zarz\u0105dzenie Regulamin korzystania ze zbior\u00f3w i uslug<\/a><a href=\"https:\/\/biblioteka.strzelce.pl\/wp-content\/uploads\/2023\/09\/Zarzadzenie-Regulamin-korzystania-ze-zbiorow-i-uslug.pdf\" class=\"wp-block-file__button wp-element-button\" download aria-describedby=\"wp-block-file--media-06a03fc2-0315-46c4-9ed1-351484330cfc\">Pobierz<\/a><\/div>\n","protected":false},"excerpt":{"rendered":"","protected":false},"author":1,"featured_media":0,"parent":587,"menu_order":0,"comment_status":"closed","ping_status":"closed","template":"","meta":{"footnotes":""},"class_list":["post-589","page","type-page","status-publish","hentry"],"_links":{"self":[{"href":"https:\/\/biblioteka.strzelce.pl\/index.php?rest_route=\/wp\/v2\/pages\/589","targetHints":{"allow":["GET"]}}],"collection":[{"href":"https:\/\/biblioteka.strzelce.pl\/index.php?rest_route=\/wp\/v2\/pages"}],"about":[{"href":"https:\/\/biblioteka.strzelce.pl\/index.php?rest_route=\/wp\/v2\/types\/page"}],"author":[{"embeddable":true,"href":"https:\/\/biblioteka.strzelce.pl\/index.php?rest_route=\/wp\/v2\/users\/1"}],"replies":[{"embeddable":true,"href":"https:\/\/biblioteka.strzelce.pl\/index.php?rest_route=%2Fwp%2Fv2%2Fcomments&post=589"}],"version-history":[{"count":3,"href":"https:\/\/biblioteka.strzelce.pl\/index.php?rest_route=\/wp\/v2\/pages\/589\/revisions"}],"predecessor-version":[{"id":599,"href":"https:\/\/biblioteka.strzelce.pl\/index.php?rest_route=\/wp\/v2\/pages\/589\/revisions\/599"}],"up":[{"embeddable":true,"href":"https:\/\/biblioteka.strzelce.pl\/index.php?rest_route=\/wp\/v2\/pages\/587"}],"wp:attachment":[{"href":"https:\/\/biblioteka.strzelce.pl\/index.php?rest_route=%2Fwp%2Fv2%2Fmedia&parent=589"}],"curies":[{"name":"wp","href":"https:\/\/api.w.org\/{rel}","templated":true}]}}