{"id":487,"date":"2022-01-18T09:34:01","date_gmt":"2022-01-18T08:34:01","guid":{"rendered":"https:\/\/biblioteka.strzelce.pl\/?page_id=487"},"modified":"2022-01-18T09:34:01","modified_gmt":"2022-01-18T08:34:01","slug":"ferie-zimowe-2022","status":"publish","type":"page","link":"https:\/\/biblioteka.strzelce.pl\/?page_id=487","title":{"rendered":"Ferie zimowe 2022"},"content":{"rendered":"\n\n\n<figure class=\"wp-block-image size-full is-style-default\"><img loading=\"lazy\" decoding=\"async\" width=\"961\" height=\"542\" src=\"https:\/\/biblioteka.strzelce.pl\/wp-content\/uploads\/2022\/01\/Ferie.jpg\" alt=\"Plakat Ferie zimowe 2022, z lewej strony ba\u0142wan. Z prawej strony napis ferie zimowe 24.01, 28.01 godziny od 10:00 do 12:00. Konkursy i nagrody, zaj\u0119cia manualne, gry i zabawy, zaj\u0119cia literackie. Na dole informacja, \u017ce na stronie www.biblioteka.pl znajduje si\u0119 regulamin oraz numer telefonu 957632887\" class=\"wp-image-488\" srcset=\"https:\/\/biblioteka.strzelce.pl\/wp-content\/uploads\/2022\/01\/Ferie.jpg 961w, https:\/\/biblioteka.strzelce.pl\/wp-content\/uploads\/2022\/01\/Ferie-300x169.jpg 300w, https:\/\/biblioteka.strzelce.pl\/wp-content\/uploads\/2022\/01\/Ferie-768x433.jpg 768w, https:\/\/biblioteka.strzelce.pl\/wp-content\/uploads\/2022\/01\/Ferie-274x156.jpg 274w\" sizes=\"auto, (max-width: 961px) 100vw, 961px\" \/><\/figure>\n\n\n\n\n\n<div class=\"wp-block-file\"><a href=\"https:\/\/biblioteka.strzelce.pl\/wp-content\/uploads\/2022\/01\/Klauzula-i-zgody.pdf\">Klauzula i zgody<\/a><a href=\"https:\/\/biblioteka.strzelce.pl\/wp-content\/uploads\/2022\/01\/Klauzula-i-zgody.pdf\" class=\"wp-block-file__button\" download>Pobierz<\/a><\/div>\n\n\n\n<div class=\"wp-block-file\"><a href=\"https:\/\/biblioteka.strzelce.pl\/wp-content\/uploads\/2022\/01\/Regulamin-zajec-w-czasie-ferii-zimowych.docx\">Regulamin zaj\u0119\u0107 w czasie ferii zimowych<\/a><a href=\"https:\/\/biblioteka.strzelce.pl\/wp-content\/uploads\/2022\/01\/Regulamin-zajec-w-czasie-ferii-zimowych.docx\" class=\"wp-block-file__button\" download>Pobierz<\/a><\/div>\n","protected":false},"excerpt":{"rendered":"","protected":false},"author":1,"featured_media":0,"parent":0,"menu_order":0,"comment_status":"closed","ping_status":"closed","template":"","meta":{"footnotes":""},"class_list":["post-487","page","type-page","status-publish","hentry"],"_links":{"self":[{"href":"https:\/\/biblioteka.strzelce.pl\/index.php?rest_route=\/wp\/v2\/pages\/487","targetHints":{"allow":["GET"]}}],"collection":[{"href":"https:\/\/biblioteka.strzelce.pl\/index.php?rest_route=\/wp\/v2\/pages"}],"about":[{"href":"https:\/\/biblioteka.strzelce.pl\/index.php?rest_route=\/wp\/v2\/types\/page"}],"author":[{"embeddable":true,"href":"https:\/\/biblioteka.strzelce.pl\/index.php?rest_route=\/wp\/v2\/users\/1"}],"replies":[{"embeddable":true,"href":"https:\/\/biblioteka.strzelce.pl\/index.php?rest_route=%2Fwp%2Fv2%2Fcomments&post=487"}],"version-history":[{"count":1,"href":"https:\/\/biblioteka.strzelce.pl\/index.php?rest_route=\/wp\/v2\/pages\/487\/revisions"}],"predecessor-version":[{"id":491,"href":"https:\/\/biblioteka.strzelce.pl\/index.php?rest_route=\/wp\/v2\/pages\/487\/revisions\/491"}],"wp:attachment":[{"href":"https:\/\/biblioteka.strzelce.pl\/index.php?rest_route=%2Fwp%2Fv2%2Fmedia&parent=487"}],"curies":[{"name":"wp","href":"https:\/\/api.w.org\/{rel}","templated":true}]}}