{"id":22,"date":"2014-08-26T14:36:39","date_gmt":"2014-08-26T12:36:39","guid":{"rendered":"http:\/\/biblioteka.strzelce.pl\/?page_id=22"},"modified":"2014-08-27T11:18:46","modified_gmt":"2014-08-27T09:18:46","slug":"cele-i-zadania-biblioteki","status":"publish","type":"page","link":"https:\/\/biblioteka.strzelce.pl\/?page_id=22","title":{"rendered":"Cele i zadania Biblioteki"},"content":{"rendered":"<ol style=\"color: #3b3933;\">\n<li style=\"text-align: justify;\">\n\t\tBiblioteka s\u0142u\u017cy zaspokajaniu potrzeb o\u015bwiatowych, kulturalnych i informacyjnych oraz uczestniczy w&nbsp;powszechnianiu wiedzy i kultury.\n\t<\/li>\n<li>\n\t\tDo zada\u0144 Biblioteki nale\u017cy :<\/p>\n<ol>\n<li style=\"text-align: justify;\">\n\t\t\t\tgromadzenie, opracowywanie i przechowywanie materia\u0142&oacute;w bibliotecznych ze szczeg&oacute;lnym uwzgl\u0119dnieniem materia\u0142&oacute;w dokumentuj\u0105cych dorobek kulturalny , naukowy i gospodarczy regionu,\n\t\t\t<\/li>\n<li style=\"text-align: justify;\">\n\t\t\t\tudost\u0119pnianie zbior&oacute;w na miejscu, wypo\u017cyczanie na zewn\u0105trz, prowadzenie wymiany mi\u0119dzybibliotecznej, ze szczeg&oacute;lnym uwzgl\u0119dnieniem potrzeb dzieci&nbsp; i m\u0142odzie\u017cy oraz os&oacute;b niepe\u0142nosprawnych ,\n\t\t\t<\/li>\n<li style=\"text-align: justify;\">\n\t\t\t\tprowadzenie dzia\u0142alno\u015bci informacyjno-bibliograficznej,\n\t\t\t<\/li>\n<li style=\"text-align: justify;\">\n\t\t\t\tpopularyzacja ksi\u0105\u017cki i czytelnictwa oraz dorobku kulturalnego Gminy,\n\t\t\t<\/li>\n<li style=\"text-align: justify;\">\n\t\t\t\ttworzenie i udost\u0119pnianie baz danych katalogowych, bibliograficznych &nbsp; &nbsp; &nbsp; i faktograficznych,\n\t\t\t<\/li>\n<li style=\"text-align: justify;\">\n\t\t\t\twsp&oacute;\u0142dzia\u0142anie z bibliotekami innych sieci , instytucjami kultury, organizacjami&nbsp;i&nbsp;stowarzyszeniami w zakresie rozwijania i zaspokajania potrzeb edukacyjnych i kulturalnych spo\u0142eczno\u015bci Gminy,\n\t\t\t<\/li>\n<li style=\"text-align: justify;\">\n\t\t\t\tdoskonalenie form i metod pracy bibliotekarzy,\n\t\t\t<\/li>\n<li style=\"text-align: justify;\">\n\t\t\t\tsprawowanie nadzoru nad filiami bibliotecznymi.\n\t\t\t<\/li>\n<\/ol>\n<\/li>\n<\/ol>\n<div style=\"color: #3b3933; text-align: justify;\">\n\t&nbsp; &nbsp; &nbsp; &nbsp;Biblioteka Publiczna Miasta i Gminy w Strzelcach Kraje\u0144skich prowadzi wielorak\u0105 dzia\u0142alno\u015b\u0107 kulturalno-edukacyjn\u0105. Organizuje min. konkursy literackie, plastyczne, wystawy, spotkania czytelnicze, zaj\u0119cia z dzie\u0107mi. Biblioteka jest miejscem promuj\u0105cym dorobek spo\u0142eczno\u015bci lokalnej.\n<\/div>\n<div style=\"color: #3b3933; text-align: justify;\">\n\t&nbsp; &nbsp; &nbsp; &nbsp; &nbsp; &nbsp; &nbsp; Przy Bibliotece dzia\u0142a Ko\u0142o Stowarzyszenia Bibliotekarzy Polskich obejmuj\u0105ce swym zasi\u0119giem bibliotekarzy z&nbsp;terenu powiatu strzelecko-drezdeneckiego.\n<\/div>\n<div style=\"color: #3b3933;\">\n\tZ kart historii\n<\/div>\n<div align=\"justify\" style=\"color: #3b3933; text-align: justify;\">\n\t&nbsp; &nbsp; &nbsp; &nbsp; &nbsp; &nbsp; Strzelecka Biblioteka jest najstarsz\u0105 plac&oacute;wk\u0105 kulturaln\u0105 w mie\u015bcie. Za\u0142o\u017cona zosta\u0142a w 1946 r. Uroczyste otwarcie Powiatowej Biblioteki Publicznej w Strzelcach Kraje\u0144skich nast\u0105pi\u0142o 1 maja 1946 r. Biblioteka zajmowa\u0142a pomieszczenia<br \/>\n\tw budynku Domu Spo\u0142ecznego przy ul. PCK. Pierwsz\u0105 kierowniczk\u0105 by\u0142a Hanna Wyssogota-Zakrzewska. W miesi\u0105c po otwarciu nast\u0105pi\u0142 jej podzia\u0142 na bibliotek\u0119 miejsk\u0105 i powiatow\u0105. Ksi\u0119gozbi&oacute;r biblioteki powiatowej w 1947 r. liczy\u0142 2580 wolumin&oacute;w, a biblioteki miejskiej 500 wolumin&oacute;w. Biblioteka kilkakrotnie zmienia\u0142a swoj\u0105 siedzib\u0119.&nbsp; W 1949 r. przeniesiono biblioteki do nowych lokali. Bibliotek\u0119 powiatow\u0105 do budynku przy ul. Brzozowej, bibliotek\u0119 miejsk\u0105 do budynku przy ul. Gorzowskiej ( obecna siedziba Prokuratury Rejonowej ). W lipcu 1955 r. nast\u0105pi\u0142o po\u0142\u0105czenie biblioteki powiatowej i miejskiej w Powiatow\u0105 i Miejsk\u0105 Bibliotek\u0119 Publiczn\u0105 , kt&oacute;ra zasi\u0119giem swojej dzia\u0142alno\u015bci obj\u0119\u0142a wszystkie biblioteki publiczne na terenie powiatu strzeleckiego. W 1975 r. mia\u0142a miejsce kolejna zmiana siedziby. Biblioteka przenosi si\u0119 do budynku by\u0142ego ratusza przy ul.Rynek. Po zmianach spowodowanych reform\u0105 administracyjn\u0105 kraju w&nbsp;roku 1975 biblioteka otrzymuje nazw\u0119 Miejskiej Biblioteki Publicznej, jednak nadal przez trzy lata&nbsp; sprawuje opiek\u0119 merytoryczn\u0105 nad bibliotekami dawnego powiatu. Od 1979 r. biblioteka obejmuje swym oddzia\u0142ywaniem wy\u0142\u0105cznie teren miasta i gminy Strzelce Kraje\u0144skie. W 1991 r. biblioteka zosta\u0142a w\u0142\u0105czona w struktury Miejsko-Gminnego O\u015brodka Kultury, Sportu\n<\/div>\n<div align=\"justify\" style=\"color: #3b3933; text-align: justify;\">\n\ti Rekreacji. W 1997r. przeniesiona po raz kolejny do pomieszcze\u0144 przy al. Wolno\u015bci<br \/>\n\t( budynek Zus-u ). Od 1998 r. biblioteka ma swoj\u0105 siedzib\u0119 w budynku przy ul. Strzeleckiej 7 ( by\u0142y hotel przedsi\u0119biorstwa &bdquo;Asko-\u015awit&rdquo;). Z dniem 01.07.2009 r. na mocy Uchwa\u0142y Rady Miejskiej w Strzelcach Kraje\u0144skich Nr XLII\/289\/09 biblioteka jest samodzieln\u0105 samorz\u0105dow\u0105 instytucj\u0105 kultury.\n<\/div>\n","protected":false},"excerpt":{"rendered":"<p>Biblioteka s\u0142u\u017cy zaspokajaniu potrzeb o\u015bwiatowych, kulturalnych i informacyjnych oraz uczestniczy w&nbsp;powszechnianiu wiedzy i kultury. Do zada\u0144 Biblioteki nale\u017cy : gromadzenie, opracowywanie i przechowywanie materia\u0142&oacute;w bibliotecznych ze szczeg&oacute;lnym uwzgl\u0119dnieniem materia\u0142&oacute;w dokumentuj\u0105cych dorobek kulturalny , naukowy i gospodarczy regionu, udost\u0119pnianie zbior&oacute;w na miejscu, wypo\u017cyczanie na zewn\u0105trz, prowadzenie wymiany mi\u0119dzybibliotecznej, ze szczeg&oacute;lnym uwzgl\u0119dnieniem potrzeb dzieci&nbsp; i m\u0142odzie\u017cy oraz [&hellip;]<\/p>\n","protected":false},"author":1,"featured_media":0,"parent":9,"menu_order":6,"comment_status":"closed","ping_status":"closed","template":"","meta":{"footnotes":""},"class_list":["post-22","page","type-page","status-publish","hentry"],"_links":{"self":[{"href":"https:\/\/biblioteka.strzelce.pl\/index.php?rest_route=\/wp\/v2\/pages\/22","targetHints":{"allow":["GET"]}}],"collection":[{"href":"https:\/\/biblioteka.strzelce.pl\/index.php?rest_route=\/wp\/v2\/pages"}],"about":[{"href":"https:\/\/biblioteka.strzelce.pl\/index.php?rest_route=\/wp\/v2\/types\/page"}],"author":[{"embeddable":true,"href":"https:\/\/biblioteka.strzelce.pl\/index.php?rest_route=\/wp\/v2\/users\/1"}],"replies":[{"embeddable":true,"href":"https:\/\/biblioteka.strzelce.pl\/index.php?rest_route=%2Fwp%2Fv2%2Fcomments&post=22"}],"version-history":[{"count":3,"href":"https:\/\/biblioteka.strzelce.pl\/index.php?rest_route=\/wp\/v2\/pages\/22\/revisions"}],"predecessor-version":[{"id":56,"href":"https:\/\/biblioteka.strzelce.pl\/index.php?rest_route=\/wp\/v2\/pages\/22\/revisions\/56"}],"up":[{"embeddable":true,"href":"https:\/\/biblioteka.strzelce.pl\/index.php?rest_route=\/wp\/v2\/pages\/9"}],"wp:attachment":[{"href":"https:\/\/biblioteka.strzelce.pl\/index.php?rest_route=%2Fwp%2Fv2%2Fmedia&parent=22"}],"curies":[{"name":"wp","href":"https:\/\/api.w.org\/{rel}","templated":true}]}}