{"id":20,"date":"2014-08-26T14:35:25","date_gmt":"2014-08-26T12:35:25","guid":{"rendered":"http:\/\/biblioteka.strzelce.pl\/?page_id=20"},"modified":"2024-03-11T10:01:57","modified_gmt":"2024-03-11T09:01:57","slug":"filia-biblioteczna-w-tucznie","status":"publish","type":"page","link":"https:\/\/biblioteka.strzelce.pl\/?page_id=20","title":{"rendered":"Filia biblioteczna w Tucznie"},"content":{"rendered":"<p><strong>Filia biblioteczna w Tucznie<\/strong><\/p>\n<p>66-510 Bobr\u00f3wko<\/p>\n<p>Tuczno, ul. Parkowa 1<\/p>\n<p>czynne: poniedzia\u0142ek, wtorek 12.00 -16.00<\/p>\n<p>\u015broda, czwartek, pi\u0105tek 14.00-18.00<\/p>\n<p>e-mail : biblioteka.tuczno@strzelce.pl<\/p>\n","protected":false},"excerpt":{"rendered":"<p>Filia biblioteczna w Tucznie 66-510 Bobr\u00f3wko Tuczno, ul. Parkowa 1 czynne: poniedzia\u0142ek, wtorek 12.00 -16.00 \u015broda, czwartek, pi\u0105tek 14.00-18.00 e-mail : biblioteka.tuczno@strzelce.pl<\/p>\n","protected":false},"author":1,"featured_media":0,"parent":9,"menu_order":5,"comment_status":"closed","ping_status":"closed","template":"","meta":{"footnotes":""},"class_list":["post-20","page","type-page","status-publish","hentry"],"_links":{"self":[{"href":"https:\/\/biblioteka.strzelce.pl\/index.php?rest_route=\/wp\/v2\/pages\/20","targetHints":{"allow":["GET"]}}],"collection":[{"href":"https:\/\/biblioteka.strzelce.pl\/index.php?rest_route=\/wp\/v2\/pages"}],"about":[{"href":"https:\/\/biblioteka.strzelce.pl\/index.php?rest_route=\/wp\/v2\/types\/page"}],"author":[{"embeddable":true,"href":"https:\/\/biblioteka.strzelce.pl\/index.php?rest_route=\/wp\/v2\/users\/1"}],"replies":[{"embeddable":true,"href":"https:\/\/biblioteka.strzelce.pl\/index.php?rest_route=%2Fwp%2Fv2%2Fcomments&post=20"}],"version-history":[{"count":9,"href":"https:\/\/biblioteka.strzelce.pl\/index.php?rest_route=\/wp\/v2\/pages\/20\/revisions"}],"predecessor-version":[{"id":613,"href":"https:\/\/biblioteka.strzelce.pl\/index.php?rest_route=\/wp\/v2\/pages\/20\/revisions\/613"}],"up":[{"embeddable":true,"href":"https:\/\/biblioteka.strzelce.pl\/index.php?rest_route=\/wp\/v2\/pages\/9"}],"wp:attachment":[{"href":"https:\/\/biblioteka.strzelce.pl\/index.php?rest_route=%2Fwp%2Fv2%2Fmedia&parent=20"}],"curies":[{"name":"wp","href":"https:\/\/api.w.org\/{rel}","templated":true}]}}