{"id":14,"date":"2014-08-26T14:34:04","date_gmt":"2014-08-26T12:34:04","guid":{"rendered":"http:\/\/biblioteka.strzelce.pl\/?page_id=14"},"modified":"2024-03-11T09:59:33","modified_gmt":"2024-03-11T08:59:33","slug":"filia-biblioteczna-w-bobrowku","status":"publish","type":"page","link":"https:\/\/biblioteka.strzelce.pl\/?page_id=14","title":{"rendered":"Filia biblioteczna w Bobr\u00f3wku"},"content":{"rendered":"<p><strong>Filia biblioteczna w Bobr\u00f3wku<\/strong><\/p>\n<p>66-510 Bobr\u00f3wko<\/p>\n<p><span style=\"font-size: 1rem;\">ul. <\/span>Le\u015bna 5<\/p>\n<p>czynne:<\/p>\n<p>poniedzia\u0142ek, wtorek 10.00 &#8211; 14.00<\/p>\n<p>\u015broda, czwartek, pi\u0105tek 13.00 &#8211; 17.00<\/p>\n<p>e-mail : biblioteka.bobrowko@strzelce.pl<\/p>\n","protected":false},"excerpt":{"rendered":"<p>Filia biblioteczna w Bobr\u00f3wku 66-510 Bobr\u00f3wko ul. Le\u015bna 5 czynne: poniedzia\u0142ek, wtorek 10.00 &#8211; 14.00 \u015broda, czwartek, pi\u0105tek 13.00 &#8211; 17.00 e-mail : biblioteka.bobrowko@strzelce.pl<\/p>\n","protected":false},"author":1,"featured_media":0,"parent":9,"menu_order":2,"comment_status":"closed","ping_status":"closed","template":"","meta":{"footnotes":""},"class_list":["post-14","page","type-page","status-publish","hentry"],"_links":{"self":[{"href":"https:\/\/biblioteka.strzelce.pl\/index.php?rest_route=\/wp\/v2\/pages\/14","targetHints":{"allow":["GET"]}}],"collection":[{"href":"https:\/\/biblioteka.strzelce.pl\/index.php?rest_route=\/wp\/v2\/pages"}],"about":[{"href":"https:\/\/biblioteka.strzelce.pl\/index.php?rest_route=\/wp\/v2\/types\/page"}],"author":[{"embeddable":true,"href":"https:\/\/biblioteka.strzelce.pl\/index.php?rest_route=\/wp\/v2\/users\/1"}],"replies":[{"embeddable":true,"href":"https:\/\/biblioteka.strzelce.pl\/index.php?rest_route=%2Fwp%2Fv2%2Fcomments&post=14"}],"version-history":[{"count":8,"href":"https:\/\/biblioteka.strzelce.pl\/index.php?rest_route=\/wp\/v2\/pages\/14\/revisions"}],"predecessor-version":[{"id":611,"href":"https:\/\/biblioteka.strzelce.pl\/index.php?rest_route=\/wp\/v2\/pages\/14\/revisions\/611"}],"up":[{"embeddable":true,"href":"https:\/\/biblioteka.strzelce.pl\/index.php?rest_route=\/wp\/v2\/pages\/9"}],"wp:attachment":[{"href":"https:\/\/biblioteka.strzelce.pl\/index.php?rest_route=%2Fwp%2Fv2%2Fmedia&parent=14"}],"curies":[{"name":"wp","href":"https:\/\/api.w.org\/{rel}","templated":true}]}}